{"id":689,"date":"2025-03-04T06:07:13","date_gmt":"2025-03-04T06:07:13","guid":{"rendered":"https:\/\/legatumori.mi.it\/regalisolidali\/?page_id=689"},"modified":"2025-03-04T06:07:14","modified_gmt":"2025-03-04T06:07:14","slug":"agevolazioni-fiscali","status":"publish","type":"page","link":"https:\/\/legatumori.mi.it\/regalisolidali\/agevolazioni-fiscali\/","title":{"rendered":"Agevolazioni Fiscali"},"content":{"rendered":"\n<p>Tutte le erogazioni liberali e le donazioni in memoria fatte a favore della Lega Italiana per la Lotta contro i Tumori &#8211; LILT Milano Monza Brianza APS sono deducibili.<\/p>\n\n\n\n<p>La Lega Italiana per la Lotta contro i Tumori &#8211; LILT Milano Monza Brianza APS \u00e8 Ente del terzo settore non commerciale, iscritto dal 19 gennaio 2023 al Registro Unico. Nazionale del Terzo Settore nella sezione delle Associazioni di Promozione Sociale (APS).<\/p>\n\n\n\n<p><strong>Persone fisiche:<\/strong><\/p>\n\n\n\n<p>Per le persone fisiche, l&#8217;erogazione liberale \u00e8 detraibile al 30% fino a 30.000 euro (art 83, c 1, D Lgs 117\/17) o in alternativa \u00e8 deducibile nel limite del 10% reddito complessivo dichiarato (art 83, c 2, D Lgs 117\/17).<br>Si rammenta che \u00e8 condizione di deducibilit\u00e0 o detraibilit\u00e0 delle donazioni l&#8217;erogazione delle stesse tramite banca, posta o altro sistema tracciabile previsto dalle norme.<\/p>\n\n\n\n<p><strong>Enti e le Societ\u00e0 (soggetti IRES):<\/strong><\/p>\n\n\n\n<p>Per gli enti e le societ\u00e0, l\u2019erogazione liberale \u00e8 deducibile nel limite del 10% reddito complessivo dichiarato (art 83, c 2, D Lgs 117\/17). <\/p>\n\n\n\n<h3 class=\"wp-block-heading\">Per ottenere le agevolazioni fiscali:<\/h3>\n\n\n\n<p>I contributi devono essere versati attraverso il sistema bancario o postale, anche utilizzando il pagamento online con carta di credito, allegando alla propria dichiarazione dei redditi il documento idoneo attestante il versamento effettuato (es. contabile bancaria, estratto conto, vaglia postale). <strong>Non \u00e8 quindi ammessa deducibilit\u00e0 per i contributi versati in contanti e come quote associative.<\/strong><\/p>\n\n\n\n<p>Inoltre, <strong>dal 2021<\/strong>, in applicazione delle vigenti disposizioni in ambito tributario (Decreto del 30\/01\/2018 &#8211; Min. Economia e Finanze), <strong>siamo tenuti a trasmettere il tuo codice fiscale e l\u2019importo dell&#8217;erogazione liberale direttamente all&#8217;Agenzia delle Entrate<\/strong> per la registrazione del dato nella tua dichiarazione precompilata.<\/p>\n\n\n\n<p><strong>Ti invitiamo perci\u00f2 a segnalarci il tuo Codice Fiscale nella causale del bollettino postale, del bonifico bancario o nel form di donazione online gi\u00e0 predisposto<\/strong>. Hai sempre la facolt\u00e0 di esercitare l\u2019opposizione a questa trasmissione di dati, con una mail all&#8217;indirizzo<span class=\"has-inline-color has-vivid-red-color\"> <\/span><a href=\"mailto:privacy@legatumori.mi.it\" target=\"_blank\" rel=\"noreferrer noopener\"><span class=\"has-inline-color has-vivid-red-color\">privacy@legatumori.mi.it<\/span><\/a> entro il 31 gennaio di ogni anno per l&#8217;anno precedente.<\/p>\n\n\n\n<p><\/p>\n","protected":false},"excerpt":{"rendered":"<p>Tutte le erogazioni liberali e le donazioni in memoria fatte a favore della Lega Italiana per la Lotta contro i Tumori &#8211; LILT Milano Monza Brianza APS sono deducibili. La Lega Italiana per la Lotta contro i Tumori &#8211; LILT Milano Monza Brianza APS \u00e8 Ente del terzo settore non commerciale, iscritto dal 19 gennaio [&hellip;]<\/p>\n","protected":false},"author":7,"featured_media":0,"parent":0,"menu_order":0,"comment_status":"closed","ping_status":"open","template":"","meta":{"_acf_changed":false,"footnotes":""},"class_list":["post-689","page","type-page","status-publish","hentry"],"acf":[],"yoast_head":"<!-- This site is optimized with the Yoast SEO plugin v27.4 - https:\/\/yoast.com\/product\/yoast-seo-wordpress\/ -->\n<title>Agevolazioni Fiscali - LILT Milano<\/title>\n<meta name=\"robots\" content=\"index, follow, max-snippet:-1, max-image-preview:large, max-video-preview:-1\" \/>\n<link rel=\"canonical\" href=\"https:\/\/legatumori.mi.it\/regalisolidali\/agevolazioni-fiscali\/\" \/>\n<meta property=\"og:locale\" content=\"it_IT\" \/>\n<meta property=\"og:type\" content=\"article\" \/>\n<meta property=\"og:title\" content=\"Agevolazioni Fiscali - LILT Milano\" \/>\n<meta property=\"og:description\" content=\"Tutte le erogazioni liberali e le donazioni in memoria fatte a favore della Lega Italiana per la Lotta contro i Tumori &#8211; LILT Milano Monza Brianza APS sono deducibili. La Lega Italiana per la Lotta contro i Tumori &#8211; LILT Milano Monza Brianza APS \u00e8 Ente del terzo settore non commerciale, iscritto dal 19 gennaio [&hellip;]\" \/>\n<meta property=\"og:url\" content=\"https:\/\/legatumori.mi.it\/regalisolidali\/agevolazioni-fiscali\/\" \/>\n<meta property=\"og:site_name\" content=\"LILT Milano\" \/>\n<meta property=\"article:modified_time\" content=\"2025-03-04T06:07:14+00:00\" \/>\n<meta name=\"twitter:card\" content=\"summary_large_image\" \/>\n<meta name=\"twitter:label1\" content=\"Tempo di lettura stimato\" \/>\n\t<meta name=\"twitter:data1\" content=\"2 minuti\" \/>\n<script type=\"application\/ld+json\" class=\"yoast-schema-graph\">{\"@context\":\"https:\\\/\\\/schema.org\",\"@graph\":[{\"@type\":\"WebPage\",\"@id\":\"https:\\\/\\\/legatumori.mi.it\\\/regalisolidali\\\/agevolazioni-fiscali\\\/\",\"url\":\"https:\\\/\\\/legatumori.mi.it\\\/regalisolidali\\\/agevolazioni-fiscali\\\/\",\"name\":\"Agevolazioni Fiscali - LILT Milano\",\"isPartOf\":{\"@id\":\"https:\\\/\\\/legatumori.mi.it\\\/regalisolidali\\\/#website\"},\"datePublished\":\"2025-03-04T06:07:13+00:00\",\"dateModified\":\"2025-03-04T06:07:14+00:00\",\"breadcrumb\":{\"@id\":\"https:\\\/\\\/legatumori.mi.it\\\/regalisolidali\\\/agevolazioni-fiscali\\\/#breadcrumb\"},\"inLanguage\":\"it-IT\",\"potentialAction\":[{\"@type\":\"ReadAction\",\"target\":[\"https:\\\/\\\/legatumori.mi.it\\\/regalisolidali\\\/agevolazioni-fiscali\\\/\"]}]},{\"@type\":\"BreadcrumbList\",\"@id\":\"https:\\\/\\\/legatumori.mi.it\\\/regalisolidali\\\/agevolazioni-fiscali\\\/#breadcrumb\",\"itemListElement\":[{\"@type\":\"ListItem\",\"position\":1,\"name\":\"Home\",\"item\":\"https:\\\/\\\/legatumori.mi.it\\\/regalisolidali\\\/\"},{\"@type\":\"ListItem\",\"position\":2,\"name\":\"Agevolazioni Fiscali\"}]},{\"@type\":\"WebSite\",\"@id\":\"https:\\\/\\\/legatumori.mi.it\\\/regalisolidali\\\/#website\",\"url\":\"https:\\\/\\\/legatumori.mi.it\\\/regalisolidali\\\/\",\"name\":\"LILT Milano\",\"description\":\"\",\"potentialAction\":[{\"@type\":\"SearchAction\",\"target\":{\"@type\":\"EntryPoint\",\"urlTemplate\":\"https:\\\/\\\/legatumori.mi.it\\\/regalisolidali\\\/?s={search_term_string}\"},\"query-input\":{\"@type\":\"PropertyValueSpecification\",\"valueRequired\":true,\"valueName\":\"search_term_string\"}}],\"inLanguage\":\"it-IT\"}]}<\/script>\n<!-- \/ Yoast SEO plugin. -->","yoast_head_json":{"title":"Agevolazioni Fiscali - LILT Milano","robots":{"index":"index","follow":"follow","max-snippet":"max-snippet:-1","max-image-preview":"max-image-preview:large","max-video-preview":"max-video-preview:-1"},"canonical":"https:\/\/legatumori.mi.it\/regalisolidali\/agevolazioni-fiscali\/","og_locale":"it_IT","og_type":"article","og_title":"Agevolazioni Fiscali - LILT Milano","og_description":"Tutte le erogazioni liberali e le donazioni in memoria fatte a favore della Lega Italiana per la Lotta contro i Tumori &#8211; LILT Milano Monza Brianza APS sono deducibili. La Lega Italiana per la Lotta contro i Tumori &#8211; LILT Milano Monza Brianza APS \u00e8 Ente del terzo settore non commerciale, iscritto dal 19 gennaio [&hellip;]","og_url":"https:\/\/legatumori.mi.it\/regalisolidali\/agevolazioni-fiscali\/","og_site_name":"LILT Milano","article_modified_time":"2025-03-04T06:07:14+00:00","twitter_card":"summary_large_image","twitter_misc":{"Tempo di lettura stimato":"2 minuti"},"schema":{"@context":"https:\/\/schema.org","@graph":[{"@type":"WebPage","@id":"https:\/\/legatumori.mi.it\/regalisolidali\/agevolazioni-fiscali\/","url":"https:\/\/legatumori.mi.it\/regalisolidali\/agevolazioni-fiscali\/","name":"Agevolazioni Fiscali - LILT Milano","isPartOf":{"@id":"https:\/\/legatumori.mi.it\/regalisolidali\/#website"},"datePublished":"2025-03-04T06:07:13+00:00","dateModified":"2025-03-04T06:07:14+00:00","breadcrumb":{"@id":"https:\/\/legatumori.mi.it\/regalisolidali\/agevolazioni-fiscali\/#breadcrumb"},"inLanguage":"it-IT","potentialAction":[{"@type":"ReadAction","target":["https:\/\/legatumori.mi.it\/regalisolidali\/agevolazioni-fiscali\/"]}]},{"@type":"BreadcrumbList","@id":"https:\/\/legatumori.mi.it\/regalisolidali\/agevolazioni-fiscali\/#breadcrumb","itemListElement":[{"@type":"ListItem","position":1,"name":"Home","item":"https:\/\/legatumori.mi.it\/regalisolidali\/"},{"@type":"ListItem","position":2,"name":"Agevolazioni Fiscali"}]},{"@type":"WebSite","@id":"https:\/\/legatumori.mi.it\/regalisolidali\/#website","url":"https:\/\/legatumori.mi.it\/regalisolidali\/","name":"LILT Milano","description":"","potentialAction":[{"@type":"SearchAction","target":{"@type":"EntryPoint","urlTemplate":"https:\/\/legatumori.mi.it\/regalisolidali\/?s={search_term_string}"},"query-input":{"@type":"PropertyValueSpecification","valueRequired":true,"valueName":"search_term_string"}}],"inLanguage":"it-IT"}]}},"_links":{"self":[{"href":"https:\/\/legatumori.mi.it\/regalisolidali\/wp-json\/wp\/v2\/pages\/689","targetHints":{"allow":["GET"]}}],"collection":[{"href":"https:\/\/legatumori.mi.it\/regalisolidali\/wp-json\/wp\/v2\/pages"}],"about":[{"href":"https:\/\/legatumori.mi.it\/regalisolidali\/wp-json\/wp\/v2\/types\/page"}],"author":[{"embeddable":true,"href":"https:\/\/legatumori.mi.it\/regalisolidali\/wp-json\/wp\/v2\/users\/7"}],"replies":[{"embeddable":true,"href":"https:\/\/legatumori.mi.it\/regalisolidali\/wp-json\/wp\/v2\/comments?post=689"}],"version-history":[{"count":1,"href":"https:\/\/legatumori.mi.it\/regalisolidali\/wp-json\/wp\/v2\/pages\/689\/revisions"}],"predecessor-version":[{"id":690,"href":"https:\/\/legatumori.mi.it\/regalisolidali\/wp-json\/wp\/v2\/pages\/689\/revisions\/690"}],"wp:attachment":[{"href":"https:\/\/legatumori.mi.it\/regalisolidali\/wp-json\/wp\/v2\/media?parent=689"}],"curies":[{"name":"wp","href":"https:\/\/api.w.org\/{rel}","templated":true}]}}