{"id":687,"date":"2025-03-04T06:04:39","date_gmt":"2025-03-04T06:04:39","guid":{"rendered":"https:\/\/legatumori.mi.it\/regalisolidali\/?page_id=687"},"modified":"2025-03-04T06:04:40","modified_gmt":"2025-03-04T06:04:40","slug":"cookie-policy","status":"publish","type":"page","link":"https:\/\/legatumori.mi.it\/regalisolidali\/cookie-policy\/","title":{"rendered":"Cookie Policy"},"content":{"rendered":"\n<p>I cookie sono stringhe di testo di piccola dimensione che un sito web pu\u00f2 inviare, durante la navigazione, al dispositivo (sia esso un pc, un notebook, uno smartphone, un tablet). Di norma sono conservati direttamente nel browser utilizzato per la navigazione. Lo stesso sito web che li ha trasmessi, poi, pu\u00f2 leggere e registrare i cookie che si trovano sullo stesso dispositivo per ottenere informazioni di vario tipo.<\/p>\n\n\n\n<p>LILT Milano e Monza Brianza utilizza cookie tecnici, atti a migliorare l\u2019esperienza sul sito della stessa (e quindi in esecuzione del servizio). I dati dei cookie tecnici sono eventualmente accessibili solo al fornitore specializzato che gestisce questo sito web e sono cancellati al termine di ogni sessione.<\/p>\n\n\n\n<p>L\u2019Associazione utilizza cookie statistici di terza parte, ossia Google Analytics, che vengono utilizzati per monitorare in forma aggregata le performance del sito, per esempio per conoscere il numero di pagine visitate o il numero di utenti che hanno visualizzato una determinata sezione. In generale, l\u2019analisi di questi cookie genera dati statistici aggregati senza riferimento alcuno all\u2019identit\u00e0 dei navigatori del sito. Queste informazioni sono utili anche per valutare eventuali modifiche e miglioramenti da apportare al sito stesso.<br>Questo cookie non \u00e8 uno strumento di nostra esclusiva titolarit\u00e0: il servizio Google Analytics \u00e8 sviluppato e gestito della societ\u00e0 Google, Inc. (di seguito \u201cGoogle\u201d) per la generazione di statistiche sull\u2019utilizzo dei siti web. Le informazioni ricavabili dai cookie sull\u2019utilizzo del sito web da parte degli utenti (compresi gli indirizzi IP) sono trasmesse dal browser dell\u2019utente a Google, e depositate presso i server della stessa. Secondo i termini di servizio in essere, Google utilizzer\u00e0 queste informazioni, in qualit\u00e0 di titolare autonomo del trattamento, allo scopo di tracciare e esaminare l\u2019utilizzo del sito web, compilare report sulle attivit\u00e0 e fornire altri servizi relativi alle attivit\u00e0 del sito web, alle modalit\u00e0 di connessione (mobile, pc, browser utilizzato etc) e alle modalit\u00e0 di ricerca e raggiungimento delle pagine del portale<br>Per consultare l\u2019informativa privacy della societ\u00e0 Google, relativa al servizio Google Analytics, si prega di visitare il sito Internet <a href=\"http:\/\/www.google.com\/intl\/en\/analytics\/privacyoverview.html\" target=\"_blank\" rel=\"noreferrer noopener\">http:\/\/www.google.com\/intl\/en\/analytics\/privacyoverview.html<\/a><\/p>\n\n\n\n<p>L\u2019Associazione riceve da Google solo le informazioni aggregate, ma Google pu\u00f2 tracciare il comportamento del singolo utente utilizzando le informazioni per le proprie finalit\u00e0, come sopra descritte.<\/p>\n\n\n\n<p>LILT Milano e Monza Brianza utilizza inoltre cookie di profilazione tout-court allo scopo di diffondere le informazioni sulla prevenzione del cancro, sulle proprie iniziative e perorare le proprie cause di raccolta fondi e promozione sociale.<br>Le attivit\u00e0 di profilazione e conseguente esposizione a comunicazioni mirate sono tipicamente indirizzate quindi a chi naviga il sito per cercare informazioni sulla prevenzione del cancro, diventare volontario o donare.<\/p>\n\n\n\n<p>Per questo, all\u2019accesso al sito e con certa periodicit\u00e0 ti chiederemo se ci dai il consenso ad attivare i cookie analitici e\/o di profilazione o se dobbiamo lasciarli inattivi.<br>Se dai il consenso ma poi cambi idea, o comunque preferisci non essere tracciato, puoi sempre revocarlo: la navigazione sul portale dell\u2019Associazione sar\u00e0 comunque disponibile in tutte le sue funzionalit\u00e0.<\/p>\n\n\n\n<p>Per revocare il consenso puoi disabilitare il rilascio dei cookie dal browser, oppure utilizzare la navigazione anonima (opzione Do Not Track). Di seguito i link che spiegano come disabilitare i cookie per i browser pi\u00f9 diffusi:<br>\u2022 Microsoft Internet Explorer \u2013 Eliminare e gestire i cookie;<br>\u2022 Google Chrome \u2013 Cancellazione, attivazione e gestione dei cookie in Chrome;<br>\u2022 Mozilla Firefox \u2013 Attivare e disattivare i cookie;<br>\u2022 Apple Safari \u2013 Gestire cookie e dati dei siti web;<br>\u2022 Opera \u2013 Cookie.<\/p>\n\n\n\n<p>In alternativa \u00e8 possibile disabilitare soltanto i cookie di Google Analytics installando sul browser il componente aggiuntivo per la disattivazione.<\/p>\n","protected":false},"excerpt":{"rendered":"<p>I cookie sono stringhe di testo di piccola dimensione che un sito web pu\u00f2 inviare, durante la navigazione, al dispositivo (sia esso un pc, un notebook, uno smartphone, un tablet). Di norma sono conservati direttamente nel browser utilizzato per la navigazione. Lo stesso sito web che li ha trasmessi, poi, pu\u00f2 leggere e registrare i [&hellip;]<\/p>\n","protected":false},"author":7,"featured_media":0,"parent":0,"menu_order":0,"comment_status":"closed","ping_status":"open","template":"","meta":{"_acf_changed":false,"footnotes":""},"class_list":["post-687","page","type-page","status-publish","hentry"],"acf":[],"yoast_head":"<!-- This site is optimized with the Yoast SEO plugin v27.4 - https:\/\/yoast.com\/product\/yoast-seo-wordpress\/ -->\n<title>Cookie Policy - LILT Milano<\/title>\n<meta name=\"robots\" content=\"index, follow, max-snippet:-1, max-image-preview:large, max-video-preview:-1\" \/>\n<link rel=\"canonical\" href=\"https:\/\/legatumori.mi.it\/regalisolidali\/cookie-policy\/\" \/>\n<meta property=\"og:locale\" content=\"it_IT\" \/>\n<meta property=\"og:type\" content=\"article\" \/>\n<meta property=\"og:title\" content=\"Cookie Policy - LILT Milano\" \/>\n<meta property=\"og:description\" content=\"I cookie sono stringhe di testo di piccola dimensione che un sito web pu\u00f2 inviare, durante la navigazione, al dispositivo (sia esso un pc, un notebook, uno smartphone, un tablet). Di norma sono conservati direttamente nel browser utilizzato per la navigazione. Lo stesso sito web che li ha trasmessi, poi, pu\u00f2 leggere e registrare i [&hellip;]\" \/>\n<meta property=\"og:url\" content=\"https:\/\/legatumori.mi.it\/regalisolidali\/cookie-policy\/\" \/>\n<meta property=\"og:site_name\" content=\"LILT Milano\" \/>\n<meta property=\"article:modified_time\" content=\"2025-03-04T06:04:40+00:00\" \/>\n<meta name=\"twitter:card\" content=\"summary_large_image\" \/>\n<meta name=\"twitter:label1\" content=\"Tempo di lettura stimato\" \/>\n\t<meta name=\"twitter:data1\" content=\"4 minuti\" \/>\n<script type=\"application\/ld+json\" class=\"yoast-schema-graph\">{\"@context\":\"https:\\\/\\\/schema.org\",\"@graph\":[{\"@type\":\"WebPage\",\"@id\":\"https:\\\/\\\/legatumori.mi.it\\\/regalisolidali\\\/cookie-policy\\\/\",\"url\":\"https:\\\/\\\/legatumori.mi.it\\\/regalisolidali\\\/cookie-policy\\\/\",\"name\":\"Cookie Policy - LILT Milano\",\"isPartOf\":{\"@id\":\"https:\\\/\\\/legatumori.mi.it\\\/regalisolidali\\\/#website\"},\"datePublished\":\"2025-03-04T06:04:39+00:00\",\"dateModified\":\"2025-03-04T06:04:40+00:00\",\"breadcrumb\":{\"@id\":\"https:\\\/\\\/legatumori.mi.it\\\/regalisolidali\\\/cookie-policy\\\/#breadcrumb\"},\"inLanguage\":\"it-IT\",\"potentialAction\":[{\"@type\":\"ReadAction\",\"target\":[\"https:\\\/\\\/legatumori.mi.it\\\/regalisolidali\\\/cookie-policy\\\/\"]}]},{\"@type\":\"BreadcrumbList\",\"@id\":\"https:\\\/\\\/legatumori.mi.it\\\/regalisolidali\\\/cookie-policy\\\/#breadcrumb\",\"itemListElement\":[{\"@type\":\"ListItem\",\"position\":1,\"name\":\"Home\",\"item\":\"https:\\\/\\\/legatumori.mi.it\\\/regalisolidali\\\/\"},{\"@type\":\"ListItem\",\"position\":2,\"name\":\"Cookie Policy\"}]},{\"@type\":\"WebSite\",\"@id\":\"https:\\\/\\\/legatumori.mi.it\\\/regalisolidali\\\/#website\",\"url\":\"https:\\\/\\\/legatumori.mi.it\\\/regalisolidali\\\/\",\"name\":\"LILT Milano\",\"description\":\"\",\"potentialAction\":[{\"@type\":\"SearchAction\",\"target\":{\"@type\":\"EntryPoint\",\"urlTemplate\":\"https:\\\/\\\/legatumori.mi.it\\\/regalisolidali\\\/?s={search_term_string}\"},\"query-input\":{\"@type\":\"PropertyValueSpecification\",\"valueRequired\":true,\"valueName\":\"search_term_string\"}}],\"inLanguage\":\"it-IT\"}]}<\/script>\n<!-- \/ Yoast SEO plugin. -->","yoast_head_json":{"title":"Cookie Policy - LILT Milano","robots":{"index":"index","follow":"follow","max-snippet":"max-snippet:-1","max-image-preview":"max-image-preview:large","max-video-preview":"max-video-preview:-1"},"canonical":"https:\/\/legatumori.mi.it\/regalisolidali\/cookie-policy\/","og_locale":"it_IT","og_type":"article","og_title":"Cookie Policy - LILT Milano","og_description":"I cookie sono stringhe di testo di piccola dimensione che un sito web pu\u00f2 inviare, durante la navigazione, al dispositivo (sia esso un pc, un notebook, uno smartphone, un tablet). Di norma sono conservati direttamente nel browser utilizzato per la navigazione. Lo stesso sito web che li ha trasmessi, poi, pu\u00f2 leggere e registrare i [&hellip;]","og_url":"https:\/\/legatumori.mi.it\/regalisolidali\/cookie-policy\/","og_site_name":"LILT Milano","article_modified_time":"2025-03-04T06:04:40+00:00","twitter_card":"summary_large_image","twitter_misc":{"Tempo di lettura stimato":"4 minuti"},"schema":{"@context":"https:\/\/schema.org","@graph":[{"@type":"WebPage","@id":"https:\/\/legatumori.mi.it\/regalisolidali\/cookie-policy\/","url":"https:\/\/legatumori.mi.it\/regalisolidali\/cookie-policy\/","name":"Cookie Policy - LILT Milano","isPartOf":{"@id":"https:\/\/legatumori.mi.it\/regalisolidali\/#website"},"datePublished":"2025-03-04T06:04:39+00:00","dateModified":"2025-03-04T06:04:40+00:00","breadcrumb":{"@id":"https:\/\/legatumori.mi.it\/regalisolidali\/cookie-policy\/#breadcrumb"},"inLanguage":"it-IT","potentialAction":[{"@type":"ReadAction","target":["https:\/\/legatumori.mi.it\/regalisolidali\/cookie-policy\/"]}]},{"@type":"BreadcrumbList","@id":"https:\/\/legatumori.mi.it\/regalisolidali\/cookie-policy\/#breadcrumb","itemListElement":[{"@type":"ListItem","position":1,"name":"Home","item":"https:\/\/legatumori.mi.it\/regalisolidali\/"},{"@type":"ListItem","position":2,"name":"Cookie Policy"}]},{"@type":"WebSite","@id":"https:\/\/legatumori.mi.it\/regalisolidali\/#website","url":"https:\/\/legatumori.mi.it\/regalisolidali\/","name":"LILT Milano","description":"","potentialAction":[{"@type":"SearchAction","target":{"@type":"EntryPoint","urlTemplate":"https:\/\/legatumori.mi.it\/regalisolidali\/?s={search_term_string}"},"query-input":{"@type":"PropertyValueSpecification","valueRequired":true,"valueName":"search_term_string"}}],"inLanguage":"it-IT"}]}},"_links":{"self":[{"href":"https:\/\/legatumori.mi.it\/regalisolidali\/wp-json\/wp\/v2\/pages\/687","targetHints":{"allow":["GET"]}}],"collection":[{"href":"https:\/\/legatumori.mi.it\/regalisolidali\/wp-json\/wp\/v2\/pages"}],"about":[{"href":"https:\/\/legatumori.mi.it\/regalisolidali\/wp-json\/wp\/v2\/types\/page"}],"author":[{"embeddable":true,"href":"https:\/\/legatumori.mi.it\/regalisolidali\/wp-json\/wp\/v2\/users\/7"}],"replies":[{"embeddable":true,"href":"https:\/\/legatumori.mi.it\/regalisolidali\/wp-json\/wp\/v2\/comments?post=687"}],"version-history":[{"count":1,"href":"https:\/\/legatumori.mi.it\/regalisolidali\/wp-json\/wp\/v2\/pages\/687\/revisions"}],"predecessor-version":[{"id":688,"href":"https:\/\/legatumori.mi.it\/regalisolidali\/wp-json\/wp\/v2\/pages\/687\/revisions\/688"}],"wp:attachment":[{"href":"https:\/\/legatumori.mi.it\/regalisolidali\/wp-json\/wp\/v2\/media?parent=687"}],"curies":[{"name":"wp","href":"https:\/\/api.w.org\/{rel}","templated":true}]}}